{"id":3526,"date":"2018-01-12T15:51:10","date_gmt":"2018-01-12T15:51:10","guid":{"rendered":"http:\/\/studiodap.fr\/about\/"},"modified":"2021-09-21T19:25:36","modified_gmt":"2021-09-21T19:25:36","slug":"acerca","status":"publish","type":"page","link":"http:\/\/www.studiodap.fr\/es\/acerca\/","title":{"rendered":"Acerca"},"content":{"rendered":"[vc_row type=\u00bbfull_width_content\u00bb full_screen_row_position=\u00bbmiddle\u00bb equal_height=\u00bbyes\u00bb content_placement=\u00bbmiddle\u00bb bg_color=\u00bb#ffffff\u00bb scene_position=\u00bbcenter\u00bb text_color=\u00bbdark\u00bb text_align=\u00bbleft\u00bb overlay_strength=\u00bb0.3&#8243; shape_divider_position=\u00bbbottom\u00bb][vc_column column_padding=\u00bbpadding-7-percent\u00bb column_padding_position=\u00bball\u00bb background_color=\u00bb#f4f4f4&#8243; background_color_opacity=\u00bb1&#8243; background_hover_color_opacity=\u00bb1&#8243; column_shadow=\u00bbnone\u00bb column_border_radius=\u00bbnone\u00bb width=\u00bb1\/2&#8243; tablet_text_alignment=\u00bbdefault\u00bb phone_text_alignment=\u00bbdefault\u00bb column_border_width=\u00bbnone\u00bb column_border_style=\u00bbsolid\u00bb][vc_row_inner column_margin=\u00bbdefault\u00bb text_align=\u00bbleft\u00bb][vc_column_inner enable_animation=\u00bbtrue\u00bb animation=\u00bbfade-in-from-bottom\u00bb column_padding=\u00bbno-extra-padding\u00bb column_padding_position=\u00bball\u00bb background_color_opacity=\u00bb1&#8243; background_hover_color_opacity=\u00bb1&#8243; column_shadow=\u00bbnone\u00bb column_border_radius=\u00bbnone\u00bb width=\u00bb1\/1&#8243; column_border_width=\u00bbnone\u00bb column_border_style=\u00bbsolid\u00bb][vc_custom_heading text=\u00bbLa Empresa\u00bb font_container=\u00bbtag:h5|text_align:left|color:%23bfbfbf\u00bb use_theme_fonts=\u00bbyes\u00bb css=\u00bb.vc_custom_1524478091948{margin-bottom: 10px !important;}\u00bb][vc_custom_heading text=\u00bbStudio D A P\u00bb font_container=\u00bbtag:h2|font_size:32|text_align:left|line_height:50px\u00bb use_theme_fonts=\u00bbyes\u00bb][vc_custom_heading text=\u00bbEn 2005, Federico Cruz-Barney se uni\u00f3 a tres personalidades de renombre de distintos \u00e1mbitos profesionales para fundar Studio DAP: Hans Verbugt, Richard Denayrou y Jean-Hugues Manoury. Todos ellos comparten su amor por la m\u00fasica, las artes y las t\u00e9cnicas del espect\u00e1culo.  Con sus amplios y s\u00f3lidos conocimientos culturales, cient\u00edficos y t\u00e9cnicos, lo dotaron de una singularidad que siempre ha demostrado su val\u00eda: Studio DAP combina una sensibilidad y un saber hacer relevantes para el dise\u00f1o refinado de la ac\u00fastica de las salas de espect\u00e1culos. \u00bb font_container=\u00bbtag:p|text_align:left|color:rgba(10%2C10%2C10%2C0.6)\u00bb use_theme_fonts=\u00bbyes\u00bb][\/vc_column_inner][\/vc_row_inner][\/vc_column][vc_column column_padding=\u00bbno-extra-padding\u00bb column_padding_position=\u00bball\u00bb background_color_opacity=\u00bb1&#8243; background_hover_color_opacity=\u00bb1&#8243; background_image=\u00bb2896&#8243; enable_bg_scale=\u00bbtrue\u00bb column_shadow=\u00bbnone\u00bb column_border_radius=\u00bbnone\u00bb width=\u00bb1\/2&#8243; tablet_text_alignment=\u00bbdefault\u00bb phone_text_alignment=\u00bbdefault\u00bb column_border_width=\u00bbnone\u00bb column_border_style=\u00bbsolid\u00bb][\/vc_column][\/vc_row][vc_row type=\u00bbfull_width_content\u00bb full_screen_row_position=\u00bbmiddle\u00bb equal_height=\u00bbyes\u00bb content_placement=\u00bbmiddle\u00bb scene_position=\u00bbcenter\u00bb text_color=\u00bbdark\u00bb text_align=\u00bbleft\u00bb overlay_strength=\u00bb0.3&#8243; shape_divider_position=\u00bbbottom\u00bb][vc_column column_padding=\u00bbno-extra-padding\u00bb column_padding_position=\u00bball\u00bb background_color_opacity=\u00bb1&#8243; background_hover_color_opacity=\u00bb1&#8243; background_image=\u00bb2879&#8243; enable_bg_scale=\u00bbtrue\u00bb column_shadow=\u00bbnone\u00bb column_border_radius=\u00bbnone\u00bb width=\u00bb1\/2&#8243; tablet_text_alignment=\u00bbdefault\u00bb phone_text_alignment=\u00bbdefault\u00bb column_border_width=\u00bbnone\u00bb column_border_style=\u00bbsolid\u00bb][\/vc_column][vc_column column_padding=\u00bbpadding-7-percent\u00bb column_padding_position=\u00bball\u00bb background_color=\u00bb#ffffff\u00bb background_color_opacity=\u00bb1&#8243; background_hover_color_opacity=\u00bb1&#8243; column_shadow=\u00bbnone\u00bb column_border_radius=\u00bbnone\u00bb width=\u00bb1\/2&#8243; tablet_text_alignment=\u00bbdefault\u00bb phone_text_alignment=\u00bbdefault\u00bb column_border_width=\u00bbnone\u00bb column_border_style=\u00bbsolid\u00bb][vc_row_inner column_margin=\u00bbdefault\u00bb text_align=\u00bbleft\u00bb][vc_column_inner enable_animation=\u00bbtrue\u00bb animation=\u00bbfade-in-from-bottom\u00bb column_padding=\u00bbno-extra-padding\u00bb column_padding_position=\u00bball\u00bb background_color_opacity=\u00bb1&#8243; background_hover_color_opacity=\u00bb1&#8243; column_shadow=\u00bbnone\u00bb column_border_radius=\u00bbnone\u00bb width=\u00bb1\/1&#8243; column_border_width=\u00bbnone\u00bb column_border_style=\u00bbsolid\u00bb][vc_custom_heading text=\u00bbCapabilities\u00bb font_container=\u00bbtag:h5|text_align:left|color:%23bfbfbf\u00bb use_theme_fonts=\u00bbyes\u00bb css=\u00bb.vc_custom_1524478524317{margin-bottom: 10px !important;}\u00bb][vc_custom_heading text=\u00bbIntervention domains\u00bb font_container=\u00bbtag:h2|font_size:32|text_align:left|line_height:50px\u00bb use_theme_fonts=\u00bbyes\u00bb][vc_custom_heading text=\u00bbOur experience in room acoustics applies to ergonomic and technical feasibility studies, as well as in the complete development of the project from conception to delivery. It integrates all aspects related to the design of room acoustics:\u2022 Internal acoustic quality and comfort\u2022 Control of noise and vibrations from technical equipment\u2022 Acoustic insulation between spaces\u00bb font_container=\u00bbtag:p|text_align:left|color:rgba(10%2C10%2C10%2C0.6)\u00bb use_theme_fonts=\u00bbyes\u00bb][\/vc_column_inner][\/vc_row_inner][\/vc_column][\/vc_row][vc_row type=\u00bbfull_width_content\u00bb full_screen_row_position=\u00bbmiddle\u00bb equal_height=\u00bbyes\u00bb content_placement=\u00bbmiddle\u00bb bg_color=\u00bb#ffffff\u00bb scene_position=\u00bbcenter\u00bb text_color=\u00bbdark\u00bb text_align=\u00bbleft\u00bb overlay_strength=\u00bb0.3&#8243; shape_divider_position=\u00bbbottom\u00bb][vc_column column_padding=\u00bbpadding-7-percent\u00bb column_padding_position=\u00bball\u00bb background_color=\u00bb#f4f4f4&#8243; background_color_opacity=\u00bb1&#8243; background_hover_color_opacity=\u00bb1&#8243; column_shadow=\u00bbnone\u00bb column_border_radius=\u00bbnone\u00bb width=\u00bb1\/2&#8243; tablet_text_alignment=\u00bbdefault\u00bb phone_text_alignment=\u00bbdefault\u00bb column_border_width=\u00bbnone\u00bb column_border_style=\u00bbsolid\u00bb][vc_row_inner column_margin=\u00bbdefault\u00bb text_align=\u00bbleft\u00bb][vc_column_inner enable_animation=\u00bbtrue\u00bb animation=\u00bbfade-in-from-bottom\u00bb column_padding=\u00bbno-extra-padding\u00bb column_padding_position=\u00bball\u00bb background_color_opacity=\u00bb1&#8243; background_hover_color_opacity=\u00bb1&#8243; column_shadow=\u00bbnone\u00bb column_border_radius=\u00bbnone\u00bb width=\u00bb1\/1&#8243; column_border_width=\u00bbnone\u00bb column_border_style=\u00bbsolid\u00bb][vc_custom_heading text=\u00bbEnfoque\u00bb font_container=\u00bbtag:h5|text_align:left|color:%23bfbfbf\u00bb use_theme_fonts=\u00bbyes\u00bb css=\u00bb.vc_custom_1518018910396{margin-bottom: 10px !important;}\u00bb][vc_custom_heading text=\u00bbWork philosophy\u00bb font_container=\u00bbtag:h2|font_size:32|text_align:left|line_height:50px\u00bb use_theme_fonts=\u00bbyes\u00bb][vc_custom_heading text=\u00bbThe qualities of our staff, as well as our work philosophy, lead us to offer our services very soon in the course of the project.Working with the client, the architect and the theater consultant of the project, continuing with all the project design phases, including the construction supervision, allow us the best adaptation of the acoustic design to the artistic project and the architectural concept, thus guaranteeing a harmonious and integrated result.\u00bb font_container=\u00bbtag:p|text_align:left|color:rgba(10%2C10%2C10%2C0.6)\u00bb use_theme_fonts=\u00bbyes\u00bb][\/vc_column_inner][\/vc_row_inner][\/vc_column][vc_column column_padding=\u00bbno-extra-padding\u00bb column_padding_position=\u00bball\u00bb background_color_opacity=\u00bb1&#8243; background_hover_color_opacity=\u00bb1&#8243; background_image=\u00bb5119&#8243; enable_bg_scale=\u00bbtrue\u00bb column_shadow=\u00bbnone\u00bb column_border_radius=\u00bbnone\u00bb width=\u00bb1\/2&#8243; tablet_text_alignment=\u00bbdefault\u00bb phone_text_alignment=\u00bbdefault\u00bb column_border_width=\u00bbnone\u00bb column_border_style=\u00bbsolid\u00bb][\/vc_column][\/vc_row][vc_row type=\u00bbfull_width_content\u00bb full_screen_row_position=\u00bbmiddle\u00bb equal_height=\u00bbyes\u00bb content_placement=\u00bbmiddle\u00bb scene_position=\u00bbcenter\u00bb text_color=\u00bbdark\u00bb text_align=\u00bbleft\u00bb overlay_strength=\u00bb0.3&#8243; shape_divider_position=\u00bbbottom\u00bb][vc_column column_padding=\u00bbno-extra-padding\u00bb column_padding_position=\u00bball\u00bb background_color_opacity=\u00bb1&#8243; background_hover_color_opacity=\u00bb1&#8243; background_image=\u00bb2716&#8243; enable_bg_scale=\u00bbtrue\u00bb column_shadow=\u00bbnone\u00bb column_border_radius=\u00bbnone\u00bb width=\u00bb1\/2&#8243; tablet_text_alignment=\u00bbdefault\u00bb phone_text_alignment=\u00bbdefault\u00bb column_border_width=\u00bbnone\u00bb column_border_style=\u00bbsolid\u00bb][\/vc_column][vc_column column_padding=\u00bbpadding-7-percent\u00bb column_padding_position=\u00bball\u00bb background_color=\u00bb#ffffff\u00bb background_color_opacity=\u00bb1&#8243; background_hover_color_opacity=\u00bb1&#8243; column_shadow=\u00bbnone\u00bb column_border_radius=\u00bbnone\u00bb width=\u00bb1\/2&#8243; tablet_text_alignment=\u00bbdefault\u00bb phone_text_alignment=\u00bbdefault\u00bb column_border_width=\u00bbnone\u00bb column_border_style=\u00bbsolid\u00bb][vc_row_inner column_margin=\u00bbdefault\u00bb text_align=\u00bbleft\u00bb][vc_column_inner enable_animation=\u00bbtrue\u00bb animation=\u00bbfade-in-from-bottom\u00bb column_padding=\u00bbno-extra-padding\u00bb column_padding_position=\u00bball\u00bb background_color_opacity=\u00bb1&#8243; background_hover_color_opacity=\u00bb1&#8243; column_shadow=\u00bbnone\u00bb column_border_radius=\u00bbnone\u00bb width=\u00bb1\/1&#8243; column_border_width=\u00bbnone\u00bb column_border_style=\u00bbsolid\u00bb][vc_custom_heading text=\u00bbAcoustic follow-up\u00bb font_container=\u00bbtag:h5|text_align:left|color:%23bfbfbf\u00bb use_theme_fonts=\u00bbyes\u00bb css=\u00bb.vc_custom_1524478914020{margin-bottom: 10px !important;}\u00bb][vc_custom_heading text=\u00bbAnd then&#8230;\u00bb font_container=\u00bbtag:h2|font_size:32|text_align:left|line_height:50px\u00bb use_theme_fonts=\u00bbyes\u00bb][vc_custom_heading text=\u00bbAt Studio D A P we are convinced that the success of a project does not end with the reception and its delivery.As the success of a room depends both on the relevant use of technical capabilities as well as on how well they adapt to the programme, we also offer post-opening services and assistance to the client for bringing the best out of the acoustic capabilities of the hall. This is particularly important in the case of variable acoustic systems and stage acoustical shells.\u00bb font_container=\u00bbtag:p|text_align:left|color:rgba(10%2C10%2C10%2C0.6)\u00bb use_theme_fonts=\u00bbyes\u00bb][\/vc_column_inner][\/vc_row_inner][\/vc_column][\/vc_row]\n","protected":false},"excerpt":{"rendered":"<p>[vc_row type=\u00bbfull_width_content\u00bb full_screen_row_position=\u00bbmiddle\u00bb equal_height=\u00bbyes\u00bb content_placement=\u00bbmiddle\u00bb bg_color=\u00bb#ffffff\u00bb scene_position=\u00bbcenter\u00bb text_color=\u00bbdark\u00bb text_align=\u00bbleft\u00bb overlay_strength=\u00bb0.3&#8243; shape_divider_position=\u00bbbottom\u00bb][vc_column column_padding=\u00bbpadding-7-percent\u00bb column_padding_position=\u00bball\u00bb background_color=\u00bb#f4f4f4&#8243; background_color_opacity=\u00bb1&#8243; background_hover_color_opacity=\u00bb1&#8243; column_shadow=\u00bbnone\u00bb column_border_radius=\u00bbnone\u00bb width=\u00bb1\/2&#8243; tablet_text_alignment=\u00bbdefault\u00bb phone_text_alignment=\u00bbdefault\u00bb column_border_width=\u00bbnone\u00bb column_border_style=\u00bbsolid\u00bb][vc_row_inner column_margin=\u00bbdefault\u00bb text_align=\u00bbleft\u00bb][vc_column_inner enable_animation=\u00bbtrue\u00bb animation=\u00bbfade-in-from-bottom\u00bb column_padding=\u00bbno-extra-padding\u00bb column_padding_position=\u00bball\u00bb background_color_opacity=\u00bb1&#8243;&#8230;<\/p>\n","protected":false},"author":1,"featured_media":0,"parent":0,"menu_order":0,"comment_status":"closed","ping_status":"closed","template":"","meta":[],"_links":{"self":[{"href":"http:\/\/www.studiodap.fr\/es\/wp-json\/wp\/v2\/pages\/3526"}],"collection":[{"href":"http:\/\/www.studiodap.fr\/es\/wp-json\/wp\/v2\/pages"}],"about":[{"href":"http:\/\/www.studiodap.fr\/es\/wp-json\/wp\/v2\/types\/page"}],"author":[{"embeddable":true,"href":"http:\/\/www.studiodap.fr\/es\/wp-json\/wp\/v2\/users\/1"}],"replies":[{"embeddable":true,"href":"http:\/\/www.studiodap.fr\/es\/wp-json\/wp\/v2\/comments?post=3526"}],"version-history":[{"count":14,"href":"http:\/\/www.studiodap.fr\/es\/wp-json\/wp\/v2\/pages\/3526\/revisions"}],"predecessor-version":[{"id":8153,"href":"http:\/\/www.studiodap.fr\/es\/wp-json\/wp\/v2\/pages\/3526\/revisions\/8153"}],"wp:attachment":[{"href":"http:\/\/www.studiodap.fr\/es\/wp-json\/wp\/v2\/media?parent=3526"}],"curies":[{"name":"wp","href":"https:\/\/api.w.org\/{rel}","templated":true}]}}