 
				
				{"id":3151,"date":"2018-01-12T13:33:13","date_gmt":"2018-01-12T13:33:13","guid":{"rendered":"http:\/\/studiodap.fr\/home2\/"},"modified":"2018-09-20T05:47:52","modified_gmt":"2018-09-20T05:47:52","slug":"home","status":"publish","type":"page","link":"http:\/\/www.studiodap.fr\/es\/","title":{"rendered":"Home"},"content":{"rendered":"[vc_row type=\u00bbin_container\u00bb full_screen_row_position=\u00bbmiddle\u00bb scene_position=\u00bbcenter\u00bb text_color=\u00bbdark\u00bb text_align=\u00bbleft\u00bb overlay_strength=\u00bb0.3&#8243; shape_divider_position=\u00bbbottom\u00bb][vc_column column_padding=\u00bbno-extra-padding\u00bb column_padding_position=\u00bball\u00bb background_color_opacity=\u00bb1&#8243; background_hover_color_opacity=\u00bb1&#8243; column_shadow=\u00bbnone\u00bb column_border_radius=\u00bbnone\u00bb width=\u00bb1\/1&#8243; tablet_text_alignment=\u00bbdefault\u00bb phone_text_alignment=\u00bbdefault\u00bb column_border_width=\u00bbnone\u00bb column_border_style=\u00bbsolid\u00bb]<div style=\"height: 650px\"  data-transition=\"slide\" data-overall_style=\"classic\" data-flexible-height=\"\" data-animate-in-effect=\"none\" data-fullscreen=\"true\" data-button-sizing=\"regular\" data-button-styling=\"btn_with_count\" data-autorotate=\"7000\" data-parallax=\"false\" data-full-width=\"true\" class=\"nectar-slider-wrap \" id=\"ns-id-69f21f434ffa2\">\r\n\t\t\t<div style=\"height: 650px\" class=\"swiper-container\"  data-tho=\"auto\" data-tco=\"auto\" data-pho=\"auto\" data-pco=\"auto\" data-loop=\"true\" data-height=\"650\" data-min-height=\"\" data-arrows=\"false\" data-bullets=\"true\" data-bullet_style=\"see_through\" data-desktop-swipe=\"true\" data-settings=\"\">\r\n\t\t\t\t    <div class=\"swiper-wrapper\"><div class=\"swiper-slide\" data-bg-alignment=\"center\" data-color-scheme=\"light\" data-x-pos=\"centered\" data-y-pos=\"middle\"> \r\n\t\t\t\t\t\t\t\t<div class=\"image-bg\" style=\"background-image: url(http:\/\/studiodap.fr\/wp-content\/uploads\/2018\/05\/pec_Ok_web.jpg);\"> &nbsp; <\/div><div class=\"container\">\r\n\t\t\t\t\t\t\t\t\t<div class=\"content\"><p class=\"transparent-bg\" ><span>Estudio de consultor\u00eda ac\u00fastica <\/br>\r\nespecializado en ac\u00fastica de salas<\/span><\/p><\/div>\r\n\t\t\t\t\t\t\t\t<\/div><!--\/container--><div class=\"video-texture \"> <span class=\"ie-fix\"><\/span> <\/div><\/div><!--\/swiper-slide--><div class=\"swiper-slide\" data-bg-alignment=\"center\" data-color-scheme=\"light\" data-x-pos=\"centered\" data-y-pos=\"middle\"> \r\n\t\t\t\t\t\t\t\t<div class=\"image-bg\" style=\"background-image: url(http:\/\/studiodap.fr\/wp-content\/uploads\/2018\/01\/LAB1-e1516964889861.jpg);\"> &nbsp; <\/div><div class=\"container\">\r\n\t\t\t\t\t\t\t\t\t<div class=\"content\"><p class=\"transparent-bg\" ><span>Damos forma al sonido en el silencio<\/br>\r\npara servir a las intenciones del dise\u00f1o arquitect\u00f3nico<\/span><\/p><\/div>\r\n\t\t\t\t\t\t\t\t<\/div><!--\/container--><div class=\"video-texture \"> <span class=\"ie-fix\"><\/span> <\/div><\/div><!--\/swiper-slide--><div class=\"swiper-slide\" data-bg-alignment=\"center\" data-color-scheme=\"light\" data-x-pos=\"centered\" data-y-pos=\"middle\"> \r\n\t\t\t\t\t\t\t\t<div class=\"image-bg\" style=\"background-image: url(http:\/\/studiodap.fr\/wp-content\/uploads\/2018\/05\/04_04_01_02-MainTheaterDRAWINGS2_B.jpg);\"> &nbsp; <\/div><div class=\"container\">\r\n\t\t\t\t\t\t\t\t\t<div class=\"content\"><p class=\"transparent-bg\" ><span>En el dise\u00f1o ac\u00fastico de salas de espect\u00e1culos <\/br>se da prioridad a la optimizaci\u00f3n de la interacci\u00f3n entre artistas,  <\/br>y con el p\u00fablico<\/span><\/p><\/div>\r\n\t\t\t\t\t\t\t\t<\/div><!--\/container--><div class=\"video-texture \"> <span class=\"ie-fix\"><\/span> <\/div><\/div><!--\/swiper-slide--><div class=\"swiper-slide\" data-bg-alignment=\"center\" data-color-scheme=\"light\" data-x-pos=\"centered\" data-y-pos=\"middle\"> \r\n\t\t\t\t\t\t\t\t<div class=\"image-bg\" style=\"background-image: url(http:\/\/studiodap.fr\/wp-content\/uploads\/2018\/02\/fauteuilscrmn.png);\"> &nbsp; <\/div><div class=\"container\">\r\n\t\t\t\t\t\t\t\t\t<div class=\"content\"><p class=\"transparent-bg\" ><span>Facilitamos la integraci\u00f3n armoniosa de soluciones ac\u00fasticas,<\/br>necesidades est\u00e9ticas y funcionales, <\/br>y el contexto arquitect\u00f3nico como un todo<\/span><\/p><\/div>\r\n\t\t\t\t\t\t\t\t<\/div><!--\/container--><div class=\"video-texture \"> <span class=\"ie-fix\"><\/span> <\/div><\/div><!--\/swiper-slide--><div class=\"swiper-slide\" data-bg-alignment=\"center\" data-color-scheme=\"light\" data-x-pos=\"centered\" data-y-pos=\"middle\"> \r\n\t\t\t\t\t\t\t\t<div class=\"image-bg\" style=\"background-image: url(http:\/\/studiodap.fr\/wp-content\/uploads\/2018\/04\/01-CULTURE-1424-ARENA-MTP-BW-8.jpg);\"> &nbsp; <\/div><div class=\"container\">\r\n\t\t\t\t\t\t\t\t\t<div class=\"content\"><p class=\"transparent-bg\" ><span>La integraci\u00f3n del programa art\u00edstico <\/br>en la elaboraci\u00f3n de las especificaciones ac\u00fasticas <\/br>es esencial para el \u00e9xito del proyecto<\/span><\/p><\/div>\r\n\t\t\t\t\t\t\t\t<\/div><!--\/container--><div class=\"video-texture \"> <span class=\"ie-fix\"><\/span> <\/div><\/div><!--\/swiper-slide--><\/div><div class=\"slider-pagination\"><\/div><div class=\"nectar-slider-loading \"> <span class=\"loading-icon none\">   <\/span> <\/div> <\/div> \r\n\t\t\t\t\r\n\t\t\t<\/div>[\/vc_column][\/vc_row][vc_row type=\u00bbin_container\u00bb full_screen_row_position=\u00bbmiddle\u00bb scene_position=\u00bbcenter\u00bb text_color=\u00bbdark\u00bb text_align=\u00bbleft\u00bb top_padding=\u00bb2%\u00bb overlay_strength=\u00bb0.3&#8243; shape_divider_position=\u00bbbottom\u00bb shape_type=\u00bb\u00bb][vc_column column_padding=\u00bbno-extra-padding\u00bb column_padding_position=\u00bball\u00bb background_color_opacity=\u00bb1&#8243; background_hover_color_opacity=\u00bb1&#8243; column_shadow=\u00bbnone\u00bb column_border_radius=\u00bbnone\u00bb width=\u00bb1\/1&#8243; tablet_text_alignment=\u00bbdefault\u00bb phone_text_alignment=\u00bbdefault\u00bb column_border_width=\u00bbnone\u00bb column_border_style=\u00bbsolid\u00bb]<div class=\"carousel-wrap recent-work-carousel default-style\" data-ctc=\"dark\" data-full-width=\"false\">\r\n\t\t\t\t\t\r\n\t\t\t\t\t<div class=\"carousel-heading\"><div class=\"container\"><h2>Proyectos destacados:<\/h2><div class=\"control-wrap\"><a class=\"carousel-prev\" href=\"#\"><i class=\"icon-angle-left\"><\/i><\/a>\r\n\t\t\t\t\t\t    \t         <a class=\"carousel-next\" href=\"#\"><i class=\"icon-angle-right\"><\/i><\/a><\/div><\/div><\/div>\r\n\t\t\t\t\t\r\n\t\t\t\t\t<ul class=\"row portfolio-items text-align-center carousel\" data-scroll-speed=\"800\" data-easing=\"easeInOutQuart\"><li class=\"col span_4\" data-default-color=\"true\" data-title-color=\"\" data-subtitle-color=\"\">\r\n\t\t\t\t\t\t\t<div class=\"inner-wrap animated\" data-animation=\"none\">\r\n\t\t\t\t\t\t\t<div class=\"work-item\" data-custom-content=\"off\"><img width=\"600\" height=\"403\" src=\"http:\/\/www.studiodap.fr\/wp-content\/uploads\/2019\/05\/Nanterre1-600x403.jpg\" class=\"attachment-portfolio-thumb size-portfolio-thumb wp-post-image\" alt=\"\" loading=\"lazy\" title=\"\" srcset=\"http:\/\/www.studiodap.fr\/wp-content\/uploads\/2019\/05\/Nanterre1-600x403.jpg 600w, http:\/\/www.studiodap.fr\/wp-content\/uploads\/2019\/05\/Nanterre1-400x269.jpg 400w\" sizes=\"(max-width: 600px) 100vw, 600px\" \/>\r\n\t\t\t\r\n\t\t\t\t\t\t\t\t<div class=\"work-info-bg\"><\/div>\r\n\t\t\t\t\t\t\t\t<div class=\"work-info\"><div class=\"vert-center\"><a href=\"http:\/\/www.studiodap.fr\/wp-content\/uploads\/2019\/05\/Nanterre1.jpg\" class=\"pretty_photo default-link\">View Larger<\/a> <a class=\"default-link\" href=\"http:\/\/www.studiodap.fr\/es\/portfolio\/centre-dramatique-national-nanterre-amandiers\/\">More Details<\/a><\/div><!--\/vert-center--><\/div>\r\n\t\t\t\t\t\t\t<\/div><!--work-item-->\r\n\t\t\t\t\t\t\t\r\n\t\t\t\t\t\t\t<div class=\"work-meta\">\r\n\t\t\t\t\t\t\t\t<h4 class=\"title\"> Centre Dramatique National Nanterre-Amandiers<\/h4>\r\n\t\t\t\t\t\t\t\t<p>Nanterre, Francia<\/p>\r\n\t\t\t\t\t\t\t<\/div><div class=\"nectar-love-wrap\">\r\n\t\t\t\t\t\t\t\r\n\t\t\t\t\t\t\t<a href=\"#\" class=\"nectar-love\" id=\"nectar-love-7990\" title=\"Love this\"> <i class=\"icon-salient-heart-2\"><\/i><span class=\"nectar-love-count\">0<\/span><\/a><\/div>\r\n\t\t\t\t\t\t\t\r\n\t\t\t\t\t\t\t<div class=\"clear\"><\/div>\r\n\t\t\t\t\t\t\t<\/div>\r\n\t\t\t\t\t\t<\/li><!--\/span_4--><li class=\"col span_4\" data-default-color=\"true\" data-title-color=\"\" data-subtitle-color=\"\">\r\n\t\t\t\t\t\t\t<div class=\"inner-wrap animated\" data-animation=\"none\">\r\n\t\t\t\t\t\t\t<div class=\"work-item\" data-custom-content=\"off\"><img width=\"600\" height=\"403\" src=\"http:\/\/www.studiodap.fr\/wp-content\/uploads\/2018\/02\/philhar5-600x403.jpg\" class=\"attachment-portfolio-thumb size-portfolio-thumb wp-post-image\" alt=\"\" loading=\"lazy\" title=\"\" srcset=\"http:\/\/www.studiodap.fr\/wp-content\/uploads\/2018\/02\/philhar5-600x403.jpg 600w, http:\/\/www.studiodap.fr\/wp-content\/uploads\/2018\/02\/philhar5-400x269.jpg 400w\" sizes=\"(max-width: 600px) 100vw, 600px\" \/>\r\n\t\t\t\r\n\t\t\t\t\t\t\t\t<div class=\"work-info-bg\"><\/div>\r\n\t\t\t\t\t\t\t\t<div class=\"work-info\"><div class=\"vert-center\"><a href=\"http:\/\/www.studiodap.fr\/wp-content\/uploads\/2018\/02\/philhar5.jpg\" class=\"pretty_photo default-link\">View Larger<\/a> <a class=\"default-link\" href=\"http:\/\/www.studiodap.fr\/es\/portfolio\/filharmonica-de-paris\/\">More Details<\/a><\/div><!--\/vert-center--><\/div>\r\n\t\t\t\t\t\t\t<\/div><!--work-item-->\r\n\t\t\t\t\t\t\t\r\n\t\t\t\t\t\t\t<div class=\"work-meta\">\r\n\t\t\t\t\t\t\t\t<h4 class=\"title\"> Filarm\u00f3nica de Par\u00eds<\/h4>\r\n\t\t\t\t\t\t\t\t<p>Par\u00eds, Francia<\/p>\r\n\t\t\t\t\t\t\t<\/div><div class=\"nectar-love-wrap\">\r\n\t\t\t\t\t\t\t\r\n\t\t\t\t\t\t\t<a href=\"#\" class=\"nectar-love\" id=\"nectar-love-6090\" title=\"Love this\"> <i class=\"icon-salient-heart-2\"><\/i><span class=\"nectar-love-count\">0<\/span><\/a><\/div>\r\n\t\t\t\t\t\t\t\r\n\t\t\t\t\t\t\t<div class=\"clear\"><\/div>\r\n\t\t\t\t\t\t\t<\/div>\r\n\t\t\t\t\t\t<\/li><!--\/span_4--><li class=\"col span_4\" data-default-color=\"true\" data-title-color=\"\" data-subtitle-color=\"\">\r\n\t\t\t\t\t\t\t<div class=\"inner-wrap animated\" data-animation=\"none\">\r\n\t\t\t\t\t\t\t<div class=\"work-item\" data-custom-content=\"off\"><img width=\"600\" height=\"403\" src=\"http:\/\/www.studiodap.fr\/wp-content\/uploads\/2018\/01\/occ4-600x403.jpg\" class=\"attachment-portfolio-thumb size-portfolio-thumb wp-post-image\" alt=\"\" loading=\"lazy\" title=\"\" srcset=\"http:\/\/www.studiodap.fr\/wp-content\/uploads\/2018\/01\/occ4-600x403.jpg 600w, http:\/\/www.studiodap.fr\/wp-content\/uploads\/2018\/01\/occ4-400x269.jpg 400w\" sizes=\"(max-width: 600px) 100vw, 600px\" \/>\r\n\t\t\t\r\n\t\t\t\t\t\t\t\t<div class=\"work-info-bg\"><\/div>\r\n\t\t\t\t\t\t\t\t<div class=\"work-info\"><div class=\"vert-center\"><a href=\"http:\/\/www.studiodap.fr\/wp-content\/uploads\/2018\/01\/occ4.jpg\" class=\"pretty_photo default-link\">View Larger<\/a> <a class=\"default-link\" href=\"http:\/\/www.studiodap.fr\/es\/portfolio\/occ-spuikwartier\/\">More Details<\/a><\/div><!--\/vert-center--><\/div>\r\n\t\t\t\t\t\t\t<\/div><!--work-item-->\r\n\t\t\t\t\t\t\t\r\n\t\t\t\t\t\t\t<div class=\"work-meta\">\r\n\t\t\t\t\t\t\t\t<h4 class=\"title\"> OCC Spuikwartier<\/h4>\r\n\t\t\t\t\t\t\t\t<p>La Haye, Netherlands<\/p>\r\n\t\t\t\t\t\t\t<\/div><div class=\"nectar-love-wrap\">\r\n\t\t\t\t\t\t\t\r\n\t\t\t\t\t\t\t<a href=\"#\" class=\"nectar-love\" id=\"nectar-love-6111\" title=\"Love this\"> <i class=\"icon-salient-heart-2\"><\/i><span class=\"nectar-love-count\">0<\/span><\/a><\/div>\r\n\t\t\t\t\t\t\t\r\n\t\t\t\t\t\t\t<div class=\"clear\"><\/div>\r\n\t\t\t\t\t\t\t<\/div>\r\n\t\t\t\t\t\t<\/li><!--\/span_4--><li class=\"col span_4\" data-default-color=\"true\" data-title-color=\"\" data-subtitle-color=\"\">\r\n\t\t\t\t\t\t\t<div class=\"inner-wrap animated\" data-animation=\"none\">\r\n\t\t\t\t\t\t\t<div class=\"work-item\" data-custom-content=\"off\"><img width=\"600\" height=\"403\" src=\"http:\/\/www.studiodap.fr\/wp-content\/uploads\/2018\/04\/Opera_Bastille_1-600x403.jpg\" class=\"attachment-portfolio-thumb size-portfolio-thumb wp-post-image\" alt=\"\" loading=\"lazy\" title=\"\" srcset=\"http:\/\/www.studiodap.fr\/wp-content\/uploads\/2018\/04\/Opera_Bastille_1-600x403.jpg 600w, http:\/\/www.studiodap.fr\/wp-content\/uploads\/2018\/04\/Opera_Bastille_1-400x269.jpg 400w\" sizes=\"(max-width: 600px) 100vw, 600px\" \/>\r\n\t\t\t\r\n\t\t\t\t\t\t\t\t<div class=\"work-info-bg\"><\/div>\r\n\t\t\t\t\t\t\t\t<div class=\"work-info\"><div class=\"vert-center\"><a href=\"http:\/\/www.studiodap.fr\/wp-content\/uploads\/2018\/04\/Opera_Bastille_1.jpg\" class=\"pretty_photo default-link\">View Larger<\/a> <a class=\"default-link\" href=\"http:\/\/www.studiodap.fr\/es\/portfolio\/amo-opera-bastille\/\">More Details<\/a><\/div><!--\/vert-center--><\/div>\r\n\t\t\t\t\t\t\t<\/div><!--work-item-->\r\n\t\t\t\t\t\t\t\r\n\t\t\t\t\t\t\t<div class=\"work-meta\">\r\n\t\t\t\t\t\t\t\t<h4 class=\"title\"> AMO Op\u00e9ra Bastille<\/h4>\r\n\t\t\t\t\t\t\t\t<p>Par\u00eds, Fran\u00e7a<\/p>\r\n\t\t\t\t\t\t\t<\/div><div class=\"nectar-love-wrap\">\r\n\t\t\t\t\t\t\t\r\n\t\t\t\t\t\t\t<a href=\"#\" class=\"nectar-love\" id=\"nectar-love-6128\" title=\"Love this\"> <i class=\"icon-salient-heart-2\"><\/i><span class=\"nectar-love-count\">0<\/span><\/a><\/div>\r\n\t\t\t\t\t\t\t\r\n\t\t\t\t\t\t\t<div class=\"clear\"><\/div>\r\n\t\t\t\t\t\t\t<\/div>\r\n\t\t\t\t\t\t<\/li><!--\/span_4--><li class=\"col span_4\" data-default-color=\"true\" data-title-color=\"\" data-subtitle-color=\"\">\r\n\t\t\t\t\t\t\t<div class=\"inner-wrap animated\" data-animation=\"none\">\r\n\t\t\t\t\t\t\t<div class=\"work-item\" data-custom-content=\"off\"><img width=\"600\" height=\"403\" src=\"http:\/\/www.studiodap.fr\/wp-content\/uploads\/2018\/02\/zda-nanshan-005_fotos_Zang_Chao-600x403.jpg\" class=\"attachment-portfolio-thumb size-portfolio-thumb wp-post-image\" alt=\"\" loading=\"lazy\" title=\"\" srcset=\"http:\/\/www.studiodap.fr\/wp-content\/uploads\/2018\/02\/zda-nanshan-005_fotos_Zang_Chao-600x403.jpg 600w, http:\/\/www.studiodap.fr\/wp-content\/uploads\/2018\/02\/zda-nanshan-005_fotos_Zang_Chao-400x269.jpg 400w\" sizes=\"(max-width: 600px) 100vw, 600px\" \/>\r\n\t\t\t\r\n\t\t\t\t\t\t\t\t<div class=\"work-info-bg\"><\/div>\r\n\t\t\t\t\t\t\t\t<div class=\"work-info\"><div class=\"vert-center\"><a href=\"http:\/\/www.studiodap.fr\/wp-content\/uploads\/2018\/02\/zda-nanshan-005_fotos_Zang_Chao.jpg\" class=\"pretty_photo default-link\">View Larger<\/a> <a class=\"default-link\" href=\"http:\/\/www.studiodap.fr\/es\/portfolio\/centro-cultural-y-de-congresos-de-nanshan\/\">More Details<\/a><\/div><!--\/vert-center--><\/div>\r\n\t\t\t\t\t\t\t<\/div><!--work-item-->\r\n\t\t\t\t\t\t\t\r\n\t\t\t\t\t\t\t<div class=\"work-meta\">\r\n\t\t\t\t\t\t\t\t<h4 class=\"title\"> Centro Cultural y de Congresos de Nanshan<\/h4>\r\n\t\t\t\t\t\t\t\t<p>Shenzhen, China<\/p>\r\n\t\t\t\t\t\t\t<\/div><div class=\"nectar-love-wrap\">\r\n\t\t\t\t\t\t\t\r\n\t\t\t\t\t\t\t<a href=\"#\" class=\"nectar-love\" id=\"nectar-love-6136\" title=\"Love this\"> <i class=\"icon-salient-heart-2\"><\/i><span class=\"nectar-love-count\">0<\/span><\/a><\/div>\r\n\t\t\t\t\t\t\t\r\n\t\t\t\t\t\t\t<div class=\"clear\"><\/div>\r\n\t\t\t\t\t\t\t<\/div>\r\n\t\t\t\t\t\t<\/li><!--\/span_4--><li class=\"col span_4\" data-default-color=\"true\" data-title-color=\"\" data-subtitle-color=\"\">\r\n\t\t\t\t\t\t\t<div class=\"inner-wrap animated\" data-animation=\"none\">\r\n\t\t\t\t\t\t\t<div class=\"work-item\" data-custom-content=\"off\"><img width=\"600\" height=\"394\" src=\"http:\/\/www.studiodap.fr\/wp-content\/uploads\/2018\/02\/ileseguin1-600x394.jpg\" class=\"attachment-portfolio-thumb size-portfolio-thumb wp-post-image\" alt=\"\" loading=\"lazy\" title=\"\" \/>\r\n\t\t\t\r\n\t\t\t\t\t\t\t\t<div class=\"work-info-bg\"><\/div>\r\n\t\t\t\t\t\t\t\t<div class=\"work-info\"><div class=\"vert-center\"><a href=\"http:\/\/www.studiodap.fr\/wp-content\/uploads\/2018\/02\/ileseguin1.jpg\" class=\"pretty_photo default-link\">View Larger<\/a> <a class=\"default-link\" href=\"http:\/\/www.studiodap.fr\/es\/portfolio\/la-seine-musicale\/\">More Details<\/a><\/div><!--\/vert-center--><\/div>\r\n\t\t\t\t\t\t\t<\/div><!--work-item-->\r\n\t\t\t\t\t\t\t\r\n\t\t\t\t\t\t\t<div class=\"work-meta\">\r\n\t\t\t\t\t\t\t\t<h4 class=\"title\"> La Seine Musicale<\/h4>\r\n\t\t\t\t\t\t\t\t<p>Ile Seguin, Fran\u00e7a<\/p>\r\n\t\t\t\t\t\t\t<\/div><div class=\"nectar-love-wrap\">\r\n\t\t\t\t\t\t\t\r\n\t\t\t\t\t\t\t<a href=\"#\" class=\"nectar-love\" id=\"nectar-love-6151\" title=\"Love this\"> <i class=\"icon-salient-heart-2\"><\/i><span class=\"nectar-love-count\">0<\/span><\/a><\/div>\r\n\t\t\t\t\t\t\t\r\n\t\t\t\t\t\t\t<div class=\"clear\"><\/div>\r\n\t\t\t\t\t\t\t<\/div>\r\n\t\t\t\t\t\t<\/li><!--\/span_4--><li class=\"col span_4\" data-default-color=\"true\" data-title-color=\"\" data-subtitle-color=\"\">\r\n\t\t\t\t\t\t\t<div class=\"inner-wrap animated\" data-animation=\"none\">\r\n\t\t\t\t\t\t\t<div class=\"work-item\" data-custom-content=\"off\"><img width=\"600\" height=\"403\" src=\"http:\/\/www.studiodap.fr\/wp-content\/uploads\/2018\/01\/Salle_Pleyel-600x403.jpg\" class=\"attachment-portfolio-thumb size-portfolio-thumb wp-post-image\" alt=\"\" loading=\"lazy\" title=\"\" srcset=\"http:\/\/www.studiodap.fr\/wp-content\/uploads\/2018\/01\/Salle_Pleyel-600x403.jpg 600w, http:\/\/www.studiodap.fr\/wp-content\/uploads\/2018\/01\/Salle_Pleyel-400x269.jpg 400w\" sizes=\"(max-width: 600px) 100vw, 600px\" \/>\r\n\t\t\t\r\n\t\t\t\t\t\t\t\t<div class=\"work-info-bg\"><\/div>\r\n\t\t\t\t\t\t\t\t<div class=\"work-info\"><div class=\"vert-center\"><a href=\"http:\/\/www.studiodap.fr\/wp-content\/uploads\/2018\/01\/Salle_Pleyel.jpg\" class=\"pretty_photo default-link\">View Larger<\/a> <a class=\"default-link\" href=\"http:\/\/www.studiodap.fr\/es\/portfolio\/salle-pleyel\/\">More Details<\/a><\/div><!--\/vert-center--><\/div>\r\n\t\t\t\t\t\t\t<\/div><!--work-item-->\r\n\t\t\t\t\t\t\t\r\n\t\t\t\t\t\t\t<div class=\"work-meta\">\r\n\t\t\t\t\t\t\t\t<h4 class=\"title\"> Salle Pleyel<\/h4>\r\n\t\t\t\t\t\t\t\t<p>Par\u00eds, Francia<\/p>\r\n\t\t\t\t\t\t\t<\/div><div class=\"nectar-love-wrap\">\r\n\t\t\t\t\t\t\t\r\n\t\t\t\t\t\t\t<a href=\"#\" class=\"nectar-love\" id=\"nectar-love-6166\" title=\"Love this\"> <i class=\"icon-salient-heart-2\"><\/i><span class=\"nectar-love-count\">0<\/span><\/a><\/div>\r\n\t\t\t\t\t\t\t\r\n\t\t\t\t\t\t\t<div class=\"clear\"><\/div>\r\n\t\t\t\t\t\t\t<\/div>\r\n\t\t\t\t\t\t<\/li><!--\/span_4--><li class=\"col span_4\" data-default-color=\"true\" data-title-color=\"\" data-subtitle-color=\"\">\r\n\t\t\t\t\t\t\t<div class=\"inner-wrap animated\" data-animation=\"none\">\r\n\t\t\t\t\t\t\t<div class=\"work-item\" data-custom-content=\"off\"><img width=\"600\" height=\"403\" src=\"http:\/\/www.studiodap.fr\/wp-content\/uploads\/2018\/02\/Budapest_zenital-600x403.jpg\" class=\"attachment-portfolio-thumb size-portfolio-thumb wp-post-image\" alt=\"\" loading=\"lazy\" title=\"\" srcset=\"http:\/\/www.studiodap.fr\/wp-content\/uploads\/2018\/02\/Budapest_zenital-600x403.jpg 600w, http:\/\/www.studiodap.fr\/wp-content\/uploads\/2018\/02\/Budapest_zenital-400x269.jpg 400w\" sizes=\"(max-width: 600px) 100vw, 600px\" \/>\r\n\t\t\t\r\n\t\t\t\t\t\t\t\t<div class=\"work-info-bg\"><\/div>\r\n\t\t\t\t\t\t\t\t<div class=\"work-info\"><div class=\"vert-center\"><a href=\"http:\/\/www.studiodap.fr\/wp-content\/uploads\/2018\/02\/Budapest_zenital.jpg\" class=\"pretty_photo default-link\">View Larger<\/a> <a class=\"default-link\" href=\"http:\/\/www.studiodap.fr\/es\/portfolio\/sala-de-conciertos-palacio-de-las-artes\/\">More Details<\/a><\/div><!--\/vert-center--><\/div>\r\n\t\t\t\t\t\t\t<\/div><!--work-item-->\r\n\t\t\t\t\t\t\t\r\n\t\t\t\t\t\t\t<div class=\"work-meta\">\r\n\t\t\t\t\t\t\t\t<h4 class=\"title\"> Sala de Conciertos, Palacio de las Artes<\/h4>\r\n\t\t\t\t\t\t\t\t<p>Budapest, Hungria<\/p>\r\n\t\t\t\t\t\t\t<\/div><div class=\"nectar-love-wrap\">\r\n\t\t\t\t\t\t\t\r\n\t\t\t\t\t\t\t<a href=\"#\" class=\"nectar-love\" id=\"nectar-love-6182\" title=\"Love this\"> <i class=\"icon-salient-heart-2\"><\/i><span class=\"nectar-love-count\">0<\/span><\/a><\/div>\r\n\t\t\t\t\t\t\t\r\n\t\t\t\t\t\t\t<div class=\"clear\"><\/div>\r\n\t\t\t\t\t\t\t<\/div>\r\n\t\t\t\t\t\t<\/li><!--\/span_4--><li class=\"col span_4\" data-default-color=\"true\" data-title-color=\"\" data-subtitle-color=\"\">\r\n\t\t\t\t\t\t\t<div class=\"inner-wrap animated\" data-animation=\"none\">\r\n\t\t\t\t\t\t\t<div class=\"work-item\" data-custom-content=\"off\"><img width=\"600\" height=\"403\" src=\"http:\/\/www.studiodap.fr\/wp-content\/uploads\/2018\/02\/Jazz_1-714x1000-600x403.jpg\" class=\"attachment-portfolio-thumb size-portfolio-thumb wp-post-image\" alt=\"\" loading=\"lazy\" title=\"\" srcset=\"http:\/\/www.studiodap.fr\/wp-content\/uploads\/2018\/02\/Jazz_1-714x1000-600x403.jpg 600w, http:\/\/www.studiodap.fr\/wp-content\/uploads\/2018\/02\/Jazz_1-714x1000-400x269.jpg 400w\" sizes=\"(max-width: 600px) 100vw, 600px\" \/>\r\n\t\t\t\r\n\t\t\t\t\t\t\t\t<div class=\"work-info-bg\"><\/div>\r\n\t\t\t\t\t\t\t\t<div class=\"work-info\"><div class=\"vert-center\"><a href=\"http:\/\/www.studiodap.fr\/wp-content\/uploads\/2018\/02\/Jazz_1-714x1000.jpg\" class=\"pretty_photo default-link\">View Larger<\/a> <a class=\"default-link\" href=\"http:\/\/www.studiodap.fr\/es\/portfolio\/jazz-lincoln-center\/\">More Details<\/a><\/div><!--\/vert-center--><\/div>\r\n\t\t\t\t\t\t\t<\/div><!--work-item-->\r\n\t\t\t\t\t\t\t\r\n\t\t\t\t\t\t\t<div class=\"work-meta\">\r\n\t\t\t\t\t\t\t\t<h4 class=\"title\"> Jazz @ Lincoln Center<\/h4>\r\n\t\t\t\t\t\t\t\t<p>Nueva York, USA<\/p>\r\n\t\t\t\t\t\t\t<\/div><div class=\"nectar-love-wrap\">\r\n\t\t\t\t\t\t\t\r\n\t\t\t\t\t\t\t<a href=\"#\" class=\"nectar-love\" id=\"nectar-love-6194\" title=\"Love this\"> <i class=\"icon-salient-heart-2\"><\/i><span class=\"nectar-love-count\">0<\/span><\/a><\/div>\r\n\t\t\t\t\t\t\t\r\n\t\t\t\t\t\t\t<div class=\"clear\"><\/div>\r\n\t\t\t\t\t\t\t<\/div>\r\n\t\t\t\t\t\t<\/li><!--\/span_4--><\/ul><!--\/carousel--><\/div><!--\/carousel-wrap-->[\/vc_column][\/vc_row]\n","protected":false},"excerpt":{"rendered":"<p>[vc_row type=\u00bbin_container\u00bb full_screen_row_position=\u00bbmiddle\u00bb scene_position=\u00bbcenter\u00bb text_color=\u00bbdark\u00bb text_align=\u00bbleft\u00bb overlay_strength=\u00bb0.3&#8243; shape_divider_position=\u00bbbottom\u00bb][vc_column column_padding=\u00bbno-extra-padding\u00bb column_padding_position=\u00bball\u00bb background_color_opacity=\u00bb1&#8243; background_hover_color_opacity=\u00bb1&#8243; column_shadow=\u00bbnone\u00bb column_border_radius=\u00bbnone\u00bb width=\u00bb1\/1&#8243; tablet_text_alignment=\u00bbdefault\u00bb phone_text_alignment=\u00bbdefault\u00bb column_border_width=\u00bbnone\u00bb column_border_style=\u00bbsolid\u00bb][\/vc_column][\/vc_row][vc_row type=\u00bbin_container\u00bb full_screen_row_position=\u00bbmiddle\u00bb scene_position=\u00bbcenter\u00bb text_color=\u00bbdark\u00bb text_align=\u00bbleft\u00bb top_padding=\u00bb2%\u00bb overlay_strength=\u00bb0.3&#8243; shape_divider_position=\u00bbbottom\u00bb shape_type=\u00bb\u00bb][vc_column column_padding=\u00bbno-extra-padding\u00bb column_padding_position=\u00bball\u00bb&#8230;<\/p>\n","protected":false},"author":1,"featured_media":0,"parent":0,"menu_order":0,"comment_status":"closed","ping_status":"open","template":"","meta":[],"_links":{"self":[{"href":"http:\/\/www.studiodap.fr\/es\/wp-json\/wp\/v2\/pages\/3151"}],"collection":[{"href":"http:\/\/www.studiodap.fr\/es\/wp-json\/wp\/v2\/pages"}],"about":[{"href":"http:\/\/www.studiodap.fr\/es\/wp-json\/wp\/v2\/types\/page"}],"author":[{"embeddable":true,"href":"http:\/\/www.studiodap.fr\/es\/wp-json\/wp\/v2\/users\/1"}],"replies":[{"embeddable":true,"href":"http:\/\/www.studiodap.fr\/es\/wp-json\/wp\/v2\/comments?post=3151"}],"version-history":[{"count":7,"href":"http:\/\/www.studiodap.fr\/es\/wp-json\/wp\/v2\/pages\/3151\/revisions"}],"predecessor-version":[{"id":6987,"href":"http:\/\/www.studiodap.fr\/es\/wp-json\/wp\/v2\/pages\/3151\/revisions\/6987"}],"wp:attachment":[{"href":"http:\/\/www.studiodap.fr\/es\/wp-json\/wp\/v2\/media?parent=3151"}],"curies":[{"name":"wp","href":"https:\/\/api.w.org\/{rel}","templated":true}]}}