 
				
				{"id":2,"date":"2018-01-12T13:33:13","date_gmt":"2018-01-12T13:33:13","guid":{"rendered":"http:\/\/studiodap.fr\/?page_id=2"},"modified":"2022-11-16T09:55:05","modified_gmt":"2022-11-16T09:55:05","slug":"home-2","status":"publish","type":"page","link":"http:\/\/www.studiodap.fr\/en\/","title":{"rendered":"Home"},"content":{"rendered":"[vc_row type=&#8221;in_container&#8221; full_screen_row_position=&#8221;middle&#8221; scene_position=&#8221;center&#8221; text_color=&#8221;dark&#8221; text_align=&#8221;left&#8221; overlay_strength=&#8221;0.3&#8243; shape_divider_position=&#8221;bottom&#8221;][vc_column column_padding=&#8221;no-extra-padding&#8221; column_padding_position=&#8221;all&#8221; background_color_opacity=&#8221;1&#8243; background_hover_color_opacity=&#8221;1&#8243; column_shadow=&#8221;none&#8221; column_border_radius=&#8221;none&#8221; width=&#8221;1\/1&#8243; tablet_text_alignment=&#8221;default&#8221; phone_text_alignment=&#8221;default&#8221; column_border_width=&#8221;none&#8221; column_border_style=&#8221;solid&#8221;]<div style=\"height: 650px\"  data-transition=\"slide\" data-overall_style=\"classic\" data-flexible-height=\"\" data-animate-in-effect=\"none\" data-fullscreen=\"true\" data-button-sizing=\"regular\" data-button-styling=\"btn_with_count\" data-autorotate=\"7000\" data-parallax=\"false\" data-full-width=\"true\" class=\"nectar-slider-wrap \" id=\"ns-id-69e4afd9c9e1b\">\r\n\t\t\t<div style=\"height: 650px\" class=\"swiper-container\"  data-tho=\"auto\" data-tco=\"auto\" data-pho=\"auto\" data-pco=\"auto\" data-loop=\"true\" data-height=\"650\" data-min-height=\"\" data-arrows=\"false\" data-bullets=\"true\" data-bullet_style=\"see_through\" data-desktop-swipe=\"true\" data-settings=\"\">\r\n\t\t\t\t    <div class=\"swiper-wrapper\"><div class=\"swiper-slide\" data-bg-alignment=\"center\" data-color-scheme=\"light\" data-x-pos=\"centered\" data-y-pos=\"middle\"> \r\n\t\t\t\t\t\t\t\t<div class=\"image-bg\" style=\"background-image: url(http:\/\/studiodap.fr\/wp-content\/uploads\/2018\/05\/pec_Ok_web.jpg);\"> &nbsp; <\/div><div class=\"container\">\r\n\t\t\t\t\t\t\t\t\t<div class=\"content\"><p class=\"transparent-bg\" ><span>Acoustical consulting firm <\/br>\r\nspecialized in room acoustics<\/span><\/p><\/div>\r\n\t\t\t\t\t\t\t\t<\/div><!--\/container--><div class=\"video-texture \"> <span class=\"ie-fix\"><\/span> <\/div><\/div><!--\/swiper-slide--><div class=\"swiper-slide\" data-bg-alignment=\"center\" data-color-scheme=\"light\" data-x-pos=\"centered\" data-y-pos=\"middle\"> \r\n\t\t\t\t\t\t\t\t<div class=\"image-bg\" style=\"background-image: url(http:\/\/studiodap.fr\/wp-content\/uploads\/2018\/01\/LAB1-e1516964889861.jpg);\"> &nbsp; <\/div><div class=\"container\">\r\n\t\t\t\t\t\t\t\t\t<div class=\"content\"><p class=\"transparent-bg\" ><span>We shape sound and silence <\/br>\r\nto suit the architectural design intent<\/span><\/p><\/div>\r\n\t\t\t\t\t\t\t\t<\/div><!--\/container--><div class=\"video-texture \"> <span class=\"ie-fix\"><\/span> <\/div><\/div><!--\/swiper-slide--><div class=\"swiper-slide\" data-bg-alignment=\"center\" data-color-scheme=\"light\" data-x-pos=\"centered\" data-y-pos=\"middle\"> \r\n\t\t\t\t\t\t\t\t<div class=\"image-bg\" style=\"background-image: url(http:\/\/studiodap.fr\/wp-content\/uploads\/2018\/05\/04_04_01_02-MainTheaterDRAWINGS2_B.jpg);\"> &nbsp; <\/div><div class=\"container\">\r\n\t\t\t\t\t\t\t\t\t<div class=\"content\"><p class=\"transparent-bg\" ><span>Priority is given <\/br>in the acoustics design of performing arts spaces <\/br>to optimize the interaction between artists <\/br>and with the audience<\/span><\/p><\/div>\r\n\t\t\t\t\t\t\t\t<\/div><!--\/container--><div class=\"video-texture \"> <span class=\"ie-fix\"><\/span> <\/div><\/div><!--\/swiper-slide--><div class=\"swiper-slide\" data-bg-alignment=\"center\" data-color-scheme=\"light\" data-x-pos=\"centered\" data-y-pos=\"middle\"> \r\n\t\t\t\t\t\t\t\t<div class=\"image-bg\" style=\"background-image: url(http:\/\/studiodap.fr\/wp-content\/uploads\/2018\/02\/fauteuilscrmn.png);\"> &nbsp; <\/div><div class=\"container\">\r\n\t\t\t\t\t\t\t\t\t<div class=\"content\"><p class=\"transparent-bg\" ><span>We promote the fusion between the acoustic solutions, <\/br>the functional and aesthetical needs <\/br>and the architectural context in a harmonious way<\/span><\/p><\/div>\r\n\t\t\t\t\t\t\t\t<\/div><!--\/container--><div class=\"video-texture \"> <span class=\"ie-fix\"><\/span> <\/div><\/div><!--\/swiper-slide--><div class=\"swiper-slide\" data-bg-alignment=\"center\" data-color-scheme=\"light\" data-x-pos=\"centered\" data-y-pos=\"middle\"> \r\n\t\t\t\t\t\t\t\t<div class=\"image-bg\" style=\"background-image: url(http:\/\/studiodap.fr\/wp-content\/uploads\/2018\/04\/01-CULTURE-1424-ARENA-MTP-BW-8.jpg);\"> &nbsp; <\/div><div class=\"container\">\r\n\t\t\t\t\t\t\t\t\t<div class=\"content\"><p class=\"transparent-bg\" ><span>The project's artistic programme <\/br>is fully integrated when conceiving <\/br>and specifying the acoustics design criteria<\/span><\/p><\/div>\r\n\t\t\t\t\t\t\t\t<\/div><!--\/container--><div class=\"video-texture \"> <span class=\"ie-fix\"><\/span> <\/div><\/div><!--\/swiper-slide--><\/div><div class=\"slider-pagination\"><\/div><div class=\"nectar-slider-loading \"> <span class=\"loading-icon none\">   <\/span> <\/div> <\/div> \r\n\t\t\t\t\r\n\t\t\t<\/div>[\/vc_column][\/vc_row][vc_row type=&#8221;in_container&#8221; full_screen_row_position=&#8221;middle&#8221; scene_position=&#8221;center&#8221; text_color=&#8221;dark&#8221; text_align=&#8221;left&#8221; top_padding=&#8221;2%&#8221; overlay_strength=&#8221;0.3&#8243; shape_divider_position=&#8221;bottom&#8221; shape_type=&#8221;&#8221;][vc_column column_padding=&#8221;no-extra-padding&#8221; column_padding_position=&#8221;all&#8221; background_color_opacity=&#8221;1&#8243; background_hover_color_opacity=&#8221;1&#8243; column_shadow=&#8221;none&#8221; column_border_radius=&#8221;none&#8221; width=&#8221;1\/1&#8243; tablet_text_alignment=&#8221;default&#8221; phone_text_alignment=&#8221;default&#8221; column_border_width=&#8221;none&#8221; column_border_style=&#8221;solid&#8221;]<div class=\"carousel-wrap recent-work-carousel default-style\" data-ctc=\"dark\" data-full-width=\"false\">\r\n\t\t\t\t\t\r\n\t\t\t\t\t<div class=\"carousel-heading\"><div class=\"container\"><h2>Featured projects:<\/h2><div class=\"control-wrap\"><a class=\"carousel-prev\" href=\"#\"><i class=\"icon-angle-left\"><\/i><\/a>\r\n\t\t\t\t\t\t    \t         <a class=\"carousel-next\" href=\"#\"><i class=\"icon-angle-right\"><\/i><\/a><\/div><\/div><\/div>\r\n\t\t\t\t\t\r\n\t\t\t\t\t<ul class=\"row portfolio-items text-align-center carousel\" data-scroll-speed=\"800\" data-easing=\"easeInOutQuart\"><li class=\"col span_4\" data-default-color=\"true\" data-title-color=\"\" data-subtitle-color=\"\">\r\n\t\t\t\t\t\t\t<div class=\"inner-wrap animated\" data-animation=\"none\">\r\n\t\t\t\t\t\t\t<div class=\"work-item\" data-custom-content=\"\"><img width=\"600\" height=\"403\" src=\"http:\/\/www.studiodap.fr\/wp-content\/uploads\/2023\/03\/612cb954ba166349148980-600x403.jpg\" class=\"attachment-portfolio-thumb size-portfolio-thumb wp-post-image\" alt=\"\" loading=\"lazy\" title=\"\" srcset=\"http:\/\/www.studiodap.fr\/wp-content\/uploads\/2023\/03\/612cb954ba166349148980-600x403.jpg 600w, http:\/\/www.studiodap.fr\/wp-content\/uploads\/2023\/03\/612cb954ba166349148980-400x269.jpg 400w\" sizes=\"(max-width: 600px) 100vw, 600px\" \/>\r\n\t\t\t\r\n\t\t\t\t\t\t\t\t<div class=\"work-info-bg\"><\/div>\r\n\t\t\t\t\t\t\t\t<div class=\"work-info\"><div class=\"vert-center\"><a href=\"http:\/\/www.studiodap.fr\/wp-content\/uploads\/2023\/03\/612cb954ba166349148980.jpg\" class=\"pretty_photo default-link\">View Larger<\/a> <a class=\"default-link\" href=\"http:\/\/www.studiodap.fr\/en\/portfolio\/la-rose-des-vents-scene-nationale\/\">More Details<\/a><\/div><!--\/vert-center--><\/div>\r\n\t\t\t\t\t\t\t<\/div><!--work-item-->\r\n\t\t\t\t\t\t\t\r\n\t\t\t\t\t\t\t<div class=\"work-meta\">\r\n\t\t\t\t\t\t\t\t<h4 class=\"title\"> La Rose des Vents, Sc\u00e8ne Nationale<\/h4>\r\n\t\t\t\t\t\t\t\t\r\n\t\t\t\t\t\t\t<\/div><div class=\"nectar-love-wrap\">\r\n\t\t\t\t\t\t\t\r\n\t\t\t\t\t\t\t<a href=\"#\" class=\"nectar-love\" id=\"nectar-love-8607\" title=\"Love this\"> <i class=\"icon-salient-heart-2\"><\/i><span class=\"nectar-love-count\">0<\/span><\/a><\/div>\r\n\t\t\t\t\t\t\t\r\n\t\t\t\t\t\t\t<div class=\"clear\"><\/div>\r\n\t\t\t\t\t\t\t<\/div>\r\n\t\t\t\t\t\t<\/li><!--\/span_4--><li class=\"col span_4\" data-default-color=\"true\" data-title-color=\"\" data-subtitle-color=\"\">\r\n\t\t\t\t\t\t\t<div class=\"inner-wrap animated\" data-animation=\"none\">\r\n\t\t\t\t\t\t\t<div class=\"work-item\" data-custom-content=\"\"><img width=\"600\" height=\"403\" src=\"http:\/\/www.studiodap.fr\/wp-content\/uploads\/2025\/01\/exterieur-600x403.jpg\" class=\"attachment-portfolio-thumb size-portfolio-thumb wp-post-image\" alt=\"\" loading=\"lazy\" title=\"\" srcset=\"http:\/\/www.studiodap.fr\/wp-content\/uploads\/2025\/01\/exterieur-600x403.jpg 600w, http:\/\/www.studiodap.fr\/wp-content\/uploads\/2025\/01\/exterieur-400x269.jpg 400w\" sizes=\"(max-width: 600px) 100vw, 600px\" \/>\r\n\t\t\t\r\n\t\t\t\t\t\t\t\t<div class=\"work-info-bg\"><\/div>\r\n\t\t\t\t\t\t\t\t<div class=\"work-info\"><div class=\"vert-center\"><a href=\"http:\/\/www.studiodap.fr\/wp-content\/uploads\/2025\/01\/exterieur-scaled.jpg\" class=\"pretty_photo default-link\">View Larger<\/a> <a class=\"default-link\" href=\"http:\/\/www.studiodap.fr\/en\/portfolio\/opera-theatre-de-metz\/\">More Details<\/a><\/div><!--\/vert-center--><\/div>\r\n\t\t\t\t\t\t\t<\/div><!--work-item-->\r\n\t\t\t\t\t\t\t\r\n\t\t\t\t\t\t\t<div class=\"work-meta\">\r\n\t\t\t\t\t\t\t\t<h4 class=\"title\"> Op\u00e9ra Th\u00e9\u00e2tre de Metz<\/h4>\r\n\t\t\t\t\t\t\t\t<p>Metz, France<\/p>\r\n\t\t\t\t\t\t\t<\/div><div class=\"nectar-love-wrap\">\r\n\t\t\t\t\t\t\t\r\n\t\t\t\t\t\t\t<a href=\"#\" class=\"nectar-love\" id=\"nectar-love-8503\" title=\"Love this\"> <i class=\"icon-salient-heart-2\"><\/i><span class=\"nectar-love-count\">0<\/span><\/a><\/div>\r\n\t\t\t\t\t\t\t\r\n\t\t\t\t\t\t\t<div class=\"clear\"><\/div>\r\n\t\t\t\t\t\t\t<\/div>\r\n\t\t\t\t\t\t<\/li><!--\/span_4--><li class=\"col span_4\" data-default-color=\"true\" data-title-color=\"\" data-subtitle-color=\"\">\r\n\t\t\t\t\t\t\t<div class=\"inner-wrap animated\" data-animation=\"none\">\r\n\t\t\t\t\t\t\t<div class=\"work-item\" data-custom-content=\"\"><img width=\"600\" height=\"403\" src=\"http:\/\/www.studiodap.fr\/wp-content\/uploads\/2023\/03\/Vue-Nocturne-3-600x403.webp\" class=\"attachment-portfolio-thumb size-portfolio-thumb wp-post-image\" alt=\"\" loading=\"lazy\" title=\"\" srcset=\"http:\/\/www.studiodap.fr\/wp-content\/uploads\/2023\/03\/Vue-Nocturne-3-600x403.webp 600w, http:\/\/www.studiodap.fr\/wp-content\/uploads\/2023\/03\/Vue-Nocturne-3-400x269.webp 400w\" sizes=\"(max-width: 600px) 100vw, 600px\" \/>\r\n\t\t\t\r\n\t\t\t\t\t\t\t\t<div class=\"work-info-bg\"><\/div>\r\n\t\t\t\t\t\t\t\t<div class=\"work-info\"><div class=\"vert-center\"><a href=\"http:\/\/www.studiodap.fr\/wp-content\/uploads\/2023\/03\/Vue-Nocturne-3.webp\" class=\"pretty_photo default-link\">View Larger<\/a> <a class=\"default-link\" href=\"http:\/\/www.studiodap.fr\/en\/portfolio\/cite-du-cinema-danimation\/\">More Details<\/a><\/div><!--\/vert-center--><\/div>\r\n\t\t\t\t\t\t\t<\/div><!--work-item-->\r\n\t\t\t\t\t\t\t\r\n\t\t\t\t\t\t\t<div class=\"work-meta\">\r\n\t\t\t\t\t\t\t\t<h4 class=\"title\"> Cit\u00e9 du cin\u00e9ma d&#8217;animation<\/h4>\r\n\t\t\t\t\t\t\t\t<p>Annecy, France<\/p>\r\n\t\t\t\t\t\t\t<\/div><div class=\"nectar-love-wrap\">\r\n\t\t\t\t\t\t\t\r\n\t\t\t\t\t\t\t<a href=\"#\" class=\"nectar-love\" id=\"nectar-love-8483\" title=\"Love this\"> <i class=\"icon-salient-heart-2\"><\/i><span class=\"nectar-love-count\">0<\/span><\/a><\/div>\r\n\t\t\t\t\t\t\t\r\n\t\t\t\t\t\t\t<div class=\"clear\"><\/div>\r\n\t\t\t\t\t\t\t<\/div>\r\n\t\t\t\t\t\t<\/li><!--\/span_4--><li class=\"col span_4\" data-default-color=\"true\" data-title-color=\"\" data-subtitle-color=\"\">\r\n\t\t\t\t\t\t\t<div class=\"inner-wrap animated\" data-animation=\"none\">\r\n\t\t\t\t\t\t\t<div class=\"work-item\" data-custom-content=\"\"><img width=\"600\" height=\"403\" src=\"http:\/\/www.studiodap.fr\/wp-content\/uploads\/2023\/03\/FRONTALE-HD-1-600x403.jpg\" class=\"attachment-portfolio-thumb size-portfolio-thumb wp-post-image\" alt=\"\" loading=\"lazy\" title=\"\" srcset=\"http:\/\/www.studiodap.fr\/wp-content\/uploads\/2023\/03\/FRONTALE-HD-1-600x403.jpg 600w, http:\/\/www.studiodap.fr\/wp-content\/uploads\/2023\/03\/FRONTALE-HD-1-400x269.jpg 400w\" sizes=\"(max-width: 600px) 100vw, 600px\" \/>\r\n\t\t\t\r\n\t\t\t\t\t\t\t\t<div class=\"work-info-bg\"><\/div>\r\n\t\t\t\t\t\t\t\t<div class=\"work-info\"><div class=\"vert-center\"><a href=\"http:\/\/www.studiodap.fr\/wp-content\/uploads\/2023\/03\/FRONTALE-HD-1-scaled.jpg\" class=\"pretty_photo default-link\">View Larger<\/a> <a class=\"default-link\" href=\"http:\/\/www.studiodap.fr\/en\/portfolio\/espace-culturel-malesherbes\/\">More Details<\/a><\/div><!--\/vert-center--><\/div>\r\n\t\t\t\t\t\t\t<\/div><!--work-item-->\r\n\t\t\t\t\t\t\t\r\n\t\t\t\t\t\t\t<div class=\"work-meta\">\r\n\t\t\t\t\t\t\t\t<h4 class=\"title\"> Espace culturel Malesherbes<\/h4>\r\n\t\t\t\t\t\t\t\t<p>Maisons-Laffitte, France<\/p>\r\n\t\t\t\t\t\t\t<\/div><div class=\"nectar-love-wrap\">\r\n\t\t\t\t\t\t\t\r\n\t\t\t\t\t\t\t<a href=\"#\" class=\"nectar-love\" id=\"nectar-love-8482\" title=\"Love this\"> <i class=\"icon-salient-heart-2\"><\/i><span class=\"nectar-love-count\">0<\/span><\/a><\/div>\r\n\t\t\t\t\t\t\t\r\n\t\t\t\t\t\t\t<div class=\"clear\"><\/div>\r\n\t\t\t\t\t\t\t<\/div>\r\n\t\t\t\t\t\t<\/li><!--\/span_4--><li class=\"col span_4\" data-default-color=\"true\" data-title-color=\"\" data-subtitle-color=\"\">\r\n\t\t\t\t\t\t\t<div class=\"inner-wrap animated\" data-animation=\"none\">\r\n\t\t\t\t\t\t\t<div class=\"work-item\" data-custom-content=\"\"><img width=\"600\" height=\"403\" src=\"http:\/\/www.studiodap.fr\/wp-content\/uploads\/2025\/01\/20240410_154658-600x403.jpg\" class=\"attachment-portfolio-thumb size-portfolio-thumb wp-post-image\" alt=\"\" loading=\"lazy\" title=\"\" srcset=\"http:\/\/www.studiodap.fr\/wp-content\/uploads\/2025\/01\/20240410_154658-600x403.jpg 600w, http:\/\/www.studiodap.fr\/wp-content\/uploads\/2025\/01\/20240410_154658-400x269.jpg 400w\" sizes=\"(max-width: 600px) 100vw, 600px\" \/>\r\n\t\t\t\r\n\t\t\t\t\t\t\t\t<div class=\"work-info-bg\"><\/div>\r\n\t\t\t\t\t\t\t\t<div class=\"work-info\"><div class=\"vert-center\"><a href=\"http:\/\/www.studiodap.fr\/wp-content\/uploads\/2025\/01\/20240410_154658-scaled.jpg\" class=\"pretty_photo default-link\">View Larger<\/a> <a class=\"default-link\" href=\"http:\/\/www.studiodap.fr\/en\/portfolio\/salle-de-spectacle-de-calvi-balagne\/\">More Details<\/a><\/div><!--\/vert-center--><\/div>\r\n\t\t\t\t\t\t\t<\/div><!--work-item-->\r\n\t\t\t\t\t\t\t\r\n\t\t\t\t\t\t\t<div class=\"work-meta\">\r\n\t\t\t\t\t\t\t\t<h4 class=\"title\"> Salle de spectacle de Calvi Balagne<\/h4>\r\n\t\t\t\t\t\t\t\t<p>Calvi, France<\/p>\r\n\t\t\t\t\t\t\t<\/div><div class=\"nectar-love-wrap\">\r\n\t\t\t\t\t\t\t\r\n\t\t\t\t\t\t\t<a href=\"#\" class=\"nectar-love\" id=\"nectar-love-8480\" title=\"Love this\"> <i class=\"icon-salient-heart-2\"><\/i><span class=\"nectar-love-count\">0<\/span><\/a><\/div>\r\n\t\t\t\t\t\t\t\r\n\t\t\t\t\t\t\t<div class=\"clear\"><\/div>\r\n\t\t\t\t\t\t\t<\/div>\r\n\t\t\t\t\t\t<\/li><!--\/span_4--><li class=\"col span_4\" data-default-color=\"true\" data-title-color=\"\" data-subtitle-color=\"\">\r\n\t\t\t\t\t\t\t<div class=\"inner-wrap animated\" data-animation=\"none\">\r\n\t\t\t\t\t\t\t<div class=\"work-item\" data-custom-content=\"off\"><img width=\"600\" height=\"403\" src=\"http:\/\/www.studiodap.fr\/wp-content\/uploads\/2025\/01\/20230210_131715-600x403.jpg\" class=\"attachment-portfolio-thumb size-portfolio-thumb wp-post-image\" alt=\"\" loading=\"lazy\" title=\"\" srcset=\"http:\/\/www.studiodap.fr\/wp-content\/uploads\/2025\/01\/20230210_131715-600x403.jpg 600w, http:\/\/www.studiodap.fr\/wp-content\/uploads\/2025\/01\/20230210_131715-400x269.jpg 400w\" sizes=\"(max-width: 600px) 100vw, 600px\" \/>\r\n\t\t\t\r\n\t\t\t\t\t\t\t\t<div class=\"work-info-bg\"><\/div>\r\n\t\t\t\t\t\t\t\t<div class=\"work-info\"><div class=\"vert-center\"><a href=\"http:\/\/www.studiodap.fr\/wp-content\/uploads\/2025\/01\/20230210_131715-scaled.jpg\" class=\"pretty_photo default-link\">View Larger<\/a> <a class=\"default-link\" href=\"http:\/\/www.studiodap.fr\/en\/portfolio\/theatre-lile-o\/\">More Details<\/a><\/div><!--\/vert-center--><\/div>\r\n\t\t\t\t\t\t\t<\/div><!--work-item-->\r\n\t\t\t\t\t\t\t\r\n\t\t\t\t\t\t\t<div class=\"work-meta\">\r\n\t\t\t\t\t\t\t\t<h4 class=\"title\"> Th\u00e9\u00e2tre L\u2019\u00eele \u00d4<\/h4>\r\n\t\t\t\t\t\t\t\t<p>Lyon, France<\/p>\r\n\t\t\t\t\t\t\t<\/div><div class=\"nectar-love-wrap\">\r\n\t\t\t\t\t\t\t\r\n\t\t\t\t\t\t\t<a href=\"#\" class=\"nectar-love\" id=\"nectar-love-8131\" title=\"Love this\"> <i class=\"icon-salient-heart-2\"><\/i><span class=\"nectar-love-count\">0<\/span><\/a><\/div>\r\n\t\t\t\t\t\t\t\r\n\t\t\t\t\t\t\t<div class=\"clear\"><\/div>\r\n\t\t\t\t\t\t\t<\/div>\r\n\t\t\t\t\t\t<\/li><!--\/span_4--><li class=\"col span_4\" data-default-color=\"true\" data-title-color=\"\" data-subtitle-color=\"\">\r\n\t\t\t\t\t\t\t<div class=\"inner-wrap animated\" data-animation=\"none\">\r\n\t\t\t\t\t\t\t<div class=\"work-item\" data-custom-content=\"off\"><img width=\"600\" height=\"403\" src=\"http:\/\/www.studiodap.fr\/wp-content\/uploads\/2019\/05\/Nanterre1-600x403.jpg\" class=\"attachment-portfolio-thumb size-portfolio-thumb wp-post-image\" alt=\"\" loading=\"lazy\" title=\"\" srcset=\"http:\/\/www.studiodap.fr\/wp-content\/uploads\/2019\/05\/Nanterre1-600x403.jpg 600w, http:\/\/www.studiodap.fr\/wp-content\/uploads\/2019\/05\/Nanterre1-400x269.jpg 400w\" sizes=\"(max-width: 600px) 100vw, 600px\" \/>\r\n\t\t\t\r\n\t\t\t\t\t\t\t\t<div class=\"work-info-bg\"><\/div>\r\n\t\t\t\t\t\t\t\t<div class=\"work-info\"><div class=\"vert-center\"><a href=\"http:\/\/www.studiodap.fr\/wp-content\/uploads\/2019\/05\/Nanterre1.jpg\" class=\"pretty_photo default-link\">View Larger<\/a> <a class=\"default-link\" href=\"http:\/\/www.studiodap.fr\/en\/portfolio\/centre-dramatique-national-nanterre-amandiers\/\">More Details<\/a><\/div><!--\/vert-center--><\/div>\r\n\t\t\t\t\t\t\t<\/div><!--work-item-->\r\n\t\t\t\t\t\t\t\r\n\t\t\t\t\t\t\t<div class=\"work-meta\">\r\n\t\t\t\t\t\t\t\t<h4 class=\"title\"> Centre Dramatique National Nanterre-Amandiers<\/h4>\r\n\t\t\t\t\t\t\t\t<p>Nanterre, France<\/p>\r\n\t\t\t\t\t\t\t<\/div><div class=\"nectar-love-wrap\">\r\n\t\t\t\t\t\t\t\r\n\t\t\t\t\t\t\t<a href=\"#\" class=\"nectar-love\" id=\"nectar-love-7986\" title=\"Love this\"> <i class=\"icon-salient-heart-2\"><\/i><span class=\"nectar-love-count\">0<\/span><\/a><\/div>\r\n\t\t\t\t\t\t\t\r\n\t\t\t\t\t\t\t<div class=\"clear\"><\/div>\r\n\t\t\t\t\t\t\t<\/div>\r\n\t\t\t\t\t\t<\/li><!--\/span_4--><li class=\"col span_4\" data-default-color=\"true\" data-title-color=\"\" data-subtitle-color=\"\">\r\n\t\t\t\t\t\t\t<div class=\"inner-wrap animated\" data-animation=\"none\">\r\n\t\t\t\t\t\t\t<div class=\"work-item\" data-custom-content=\"off\"><img width=\"600\" height=\"403\" src=\"http:\/\/www.studiodap.fr\/wp-content\/uploads\/2018\/02\/philhar5-600x403.jpg\" class=\"attachment-portfolio-thumb size-portfolio-thumb wp-post-image\" alt=\"\" loading=\"lazy\" title=\"\" srcset=\"http:\/\/www.studiodap.fr\/wp-content\/uploads\/2018\/02\/philhar5-600x403.jpg 600w, http:\/\/www.studiodap.fr\/wp-content\/uploads\/2018\/02\/philhar5-400x269.jpg 400w\" sizes=\"(max-width: 600px) 100vw, 600px\" \/>\r\n\t\t\t\r\n\t\t\t\t\t\t\t\t<div class=\"work-info-bg\"><\/div>\r\n\t\t\t\t\t\t\t\t<div class=\"work-info\"><div class=\"vert-center\"><a href=\"http:\/\/www.studiodap.fr\/wp-content\/uploads\/2018\/02\/philhar5.jpg\" class=\"pretty_photo default-link\">View Larger<\/a> <a class=\"default-link\" href=\"http:\/\/www.studiodap.fr\/en\/portfolio\/new-paris-philharmonic-hall\/\">More Details<\/a><\/div><!--\/vert-center--><\/div>\r\n\t\t\t\t\t\t\t<\/div><!--work-item-->\r\n\t\t\t\t\t\t\t\r\n\t\t\t\t\t\t\t<div class=\"work-meta\">\r\n\t\t\t\t\t\t\t\t<h4 class=\"title\"> New Paris Philharmonic Hall<\/h4>\r\n\t\t\t\t\t\t\t\t<p>Paris, France<\/p>\r\n\t\t\t\t\t\t\t<\/div><div class=\"nectar-love-wrap\">\r\n\t\t\t\t\t\t\t\r\n\t\t\t\t\t\t\t<a href=\"#\" class=\"nectar-love\" id=\"nectar-love-3655\" title=\"Love this\"> <i class=\"icon-salient-heart-2\"><\/i><span class=\"nectar-love-count\">0<\/span><\/a><\/div>\r\n\t\t\t\t\t\t\t\r\n\t\t\t\t\t\t\t<div class=\"clear\"><\/div>\r\n\t\t\t\t\t\t\t<\/div>\r\n\t\t\t\t\t\t<\/li><!--\/span_4--><li class=\"col span_4\" data-default-color=\"true\" data-title-color=\"\" data-subtitle-color=\"\">\r\n\t\t\t\t\t\t\t<div class=\"inner-wrap animated\" data-animation=\"none\">\r\n\t\t\t\t\t\t\t<div class=\"work-item\" data-custom-content=\"off\"><img width=\"600\" height=\"403\" src=\"http:\/\/www.studiodap.fr\/wp-content\/uploads\/2018\/01\/occ4-600x403.jpg\" class=\"attachment-portfolio-thumb size-portfolio-thumb wp-post-image\" alt=\"\" loading=\"lazy\" title=\"\" srcset=\"http:\/\/www.studiodap.fr\/wp-content\/uploads\/2018\/01\/occ4-600x403.jpg 600w, http:\/\/www.studiodap.fr\/wp-content\/uploads\/2018\/01\/occ4-400x269.jpg 400w\" sizes=\"(max-width: 600px) 100vw, 600px\" \/>\r\n\t\t\t\r\n\t\t\t\t\t\t\t\t<div class=\"work-info-bg\"><\/div>\r\n\t\t\t\t\t\t\t\t<div class=\"work-info\"><div class=\"vert-center\"><a href=\"http:\/\/www.studiodap.fr\/wp-content\/uploads\/2018\/01\/occ4.jpg\" class=\"pretty_photo default-link\">View Larger<\/a> <a class=\"default-link\" href=\"http:\/\/www.studiodap.fr\/en\/portfolio\/occ-spuikwartier\/\">More Details<\/a><\/div><!--\/vert-center--><\/div>\r\n\t\t\t\t\t\t\t<\/div><!--work-item-->\r\n\t\t\t\t\t\t\t\r\n\t\t\t\t\t\t\t<div class=\"work-meta\">\r\n\t\t\t\t\t\t\t\t<h4 class=\"title\"> OCC Spuikwartier<\/h4>\r\n\t\t\t\t\t\t\t\t<p>La Haye, Netherlands<\/p>\r\n\t\t\t\t\t\t\t<\/div><div class=\"nectar-love-wrap\">\r\n\t\t\t\t\t\t\t\r\n\t\t\t\t\t\t\t<a href=\"#\" class=\"nectar-love\" id=\"nectar-love-9\" title=\"Love this\"> <i class=\"icon-salient-heart-2\"><\/i><span class=\"nectar-love-count\">0<\/span><\/a><\/div>\r\n\t\t\t\t\t\t\t\r\n\t\t\t\t\t\t\t<div class=\"clear\"><\/div>\r\n\t\t\t\t\t\t\t<\/div>\r\n\t\t\t\t\t\t<\/li><!--\/span_4--><\/ul><!--\/carousel--><\/div><!--\/carousel-wrap-->[\/vc_column][\/vc_row]\n","protected":false},"excerpt":{"rendered":"<p>[vc_row type=&#8221;in_container&#8221; full_screen_row_position=&#8221;middle&#8221; scene_position=&#8221;center&#8221; text_color=&#8221;dark&#8221; text_align=&#8221;left&#8221; overlay_strength=&#8221;0.3&#8243; shape_divider_position=&#8221;bottom&#8221;][vc_column column_padding=&#8221;no-extra-padding&#8221; column_padding_position=&#8221;all&#8221; background_color_opacity=&#8221;1&#8243; background_hover_color_opacity=&#8221;1&#8243; column_shadow=&#8221;none&#8221; column_border_radius=&#8221;none&#8221; width=&#8221;1\/1&#8243; tablet_text_alignment=&#8221;default&#8221; phone_text_alignment=&#8221;default&#8221; column_border_width=&#8221;none&#8221; column_border_style=&#8221;solid&#8221;][\/vc_column][\/vc_row][vc_row type=&#8221;in_container&#8221; full_screen_row_position=&#8221;middle&#8221; scene_position=&#8221;center&#8221; text_color=&#8221;dark&#8221; text_align=&#8221;left&#8221; top_padding=&#8221;2%&#8221; overlay_strength=&#8221;0.3&#8243; shape_divider_position=&#8221;bottom&#8221; shape_type=&#8221;&#8221;][vc_column column_padding=&#8221;no-extra-padding&#8221; column_padding_position=&#8221;all&#8221;&#8230;<\/p>\n","protected":false},"author":1,"featured_media":0,"parent":0,"menu_order":0,"comment_status":"closed","ping_status":"open","template":"","meta":[],"_links":{"self":[{"href":"http:\/\/www.studiodap.fr\/en\/wp-json\/wp\/v2\/pages\/2"}],"collection":[{"href":"http:\/\/www.studiodap.fr\/en\/wp-json\/wp\/v2\/pages"}],"about":[{"href":"http:\/\/www.studiodap.fr\/en\/wp-json\/wp\/v2\/types\/page"}],"author":[{"embeddable":true,"href":"http:\/\/www.studiodap.fr\/en\/wp-json\/wp\/v2\/users\/1"}],"replies":[{"embeddable":true,"href":"http:\/\/www.studiodap.fr\/en\/wp-json\/wp\/v2\/comments?post=2"}],"version-history":[{"count":19,"href":"http:\/\/www.studiodap.fr\/en\/wp-json\/wp\/v2\/pages\/2\/revisions"}],"predecessor-version":[{"id":8170,"href":"http:\/\/www.studiodap.fr\/en\/wp-json\/wp\/v2\/pages\/2\/revisions\/8170"}],"wp:attachment":[{"href":"http:\/\/www.studiodap.fr\/en\/wp-json\/wp\/v2\/media?parent=2"}],"curies":[{"name":"wp","href":"https:\/\/api.w.org\/{rel}","templated":true}]}}